{"id":453,"date":"2025-02-24T15:38:26","date_gmt":"2025-02-24T15:38:26","guid":{"rendered":"https:\/\/bazyny-zywe-archiwum.pl\/?page_id=453"},"modified":"2025-02-24T15:38:28","modified_gmt":"2025-02-24T15:38:28","slug":"pisarze","status":"publish","type":"page","link":"https:\/\/bazyny-zywe-archiwum.pl\/ro\/pisarze\/","title":{"rendered":"Scriitori"},"content":{"rendered":"","protected":false},"excerpt":{"rendered":"","protected":false},"author":1,"featured_media":0,"parent":0,"menu_order":0,"comment_status":"closed","ping_status":"closed","template":"","meta":{"_acf_changed":false,"footnotes":""},"class_list":["post-453","page","type-page","status-publish","hentry"],"acf":[],"yoast_head":"<!-- This site is optimized with the Yoast SEO plugin v23.2 - https:\/\/yoast.com\/wordpress\/plugins\/seo\/ -->\n<title>Pisarze - bazyny-zywe-archiwum.pl<\/title>\n<meta name=\"robots\" content=\"index, follow, max-snippet:-1, max-image-preview:large, max-video-preview:-1\" \/>\n<link rel=\"canonical\" href=\"https:\/\/bazyny-zywe-archiwum.pl\/ro\/pisarze\/\" \/>\n<meta property=\"og:locale\" content=\"ro_RO\" \/>\n<meta property=\"og:type\" content=\"article\" \/>\n<meta property=\"og:title\" content=\"Pisarze - bazyny-zywe-archiwum.pl\" \/>\n<meta property=\"og:url\" content=\"https:\/\/bazyny-zywe-archiwum.pl\/ro\/pisarze\/\" \/>\n<meta property=\"og:site_name\" content=\"bazyny-zywe-archiwum.pl\" \/>\n<meta property=\"article:modified_time\" content=\"2025-02-24T15:38:28+00:00\" \/>\n<meta name=\"twitter:card\" content=\"summary_large_image\" \/>\n<script type=\"application\/ld+json\" class=\"yoast-schema-graph\">{\"@context\":\"https:\/\/schema.org\",\"@graph\":[{\"@type\":\"WebPage\",\"@id\":\"https:\/\/bazyny-zywe-archiwum.pl\/pisarze\/\",\"url\":\"https:\/\/bazyny-zywe-archiwum.pl\/pisarze\/\",\"name\":\"Pisarze - bazyny-zywe-archiwum.pl\",\"isPartOf\":{\"@id\":\"https:\/\/bazyny-zywe-archiwum.pl\/#website\"},\"datePublished\":\"2025-02-24T15:38:26+00:00\",\"dateModified\":\"2025-02-24T15:38:28+00:00\",\"breadcrumb\":{\"@id\":\"https:\/\/bazyny-zywe-archiwum.pl\/pisarze\/#breadcrumb\"},\"inLanguage\":\"ro-RO\",\"potentialAction\":[{\"@type\":\"ReadAction\",\"target\":[\"https:\/\/bazyny-zywe-archiwum.pl\/pisarze\/\"]}]},{\"@type\":\"BreadcrumbList\",\"@id\":\"https:\/\/bazyny-zywe-archiwum.pl\/pisarze\/#breadcrumb\",\"itemListElement\":[{\"@type\":\"ListItem\",\"position\":1,\"name\":\"Home\",\"item\":\"https:\/\/bazyny-zywe-archiwum.pl\/\"},{\"@type\":\"ListItem\",\"position\":2,\"name\":\"Pisarze\"}]},{\"@type\":\"WebSite\",\"@id\":\"https:\/\/bazyny-zywe-archiwum.pl\/#website\",\"url\":\"https:\/\/bazyny-zywe-archiwum.pl\/\",\"name\":\"bazyny-zywe-archiwum.pl\",\"description\":\"Bluza z rogami: odwa\u017cny styl, kt\u00f3ry przyci\u0105ga uwag\u0119.\",\"potentialAction\":[{\"@type\":\"SearchAction\",\"target\":{\"@type\":\"EntryPoint\",\"urlTemplate\":\"https:\/\/bazyny-zywe-archiwum.pl\/?s={search_term_string}\"},\"query-input\":\"required name=search_term_string\"}],\"inLanguage\":\"ro-RO\"}]}<\/script>\n<!-- \/ Yoast SEO plugin. -->","yoast_head_json":{"title":"Pisarze - bazyny-zywe-archiwum.pl","robots":{"index":"index","follow":"follow","max-snippet":"max-snippet:-1","max-image-preview":"max-image-preview:large","max-video-preview":"max-video-preview:-1"},"canonical":"https:\/\/bazyny-zywe-archiwum.pl\/ro\/pisarze\/","og_locale":"ro_RO","og_type":"article","og_title":"Pisarze - bazyny-zywe-archiwum.pl","og_url":"https:\/\/bazyny-zywe-archiwum.pl\/ro\/pisarze\/","og_site_name":"bazyny-zywe-archiwum.pl","article_modified_time":"2025-02-24T15:38:28+00:00","twitter_card":"summary_large_image","schema":{"@context":"https:\/\/schema.org","@graph":[{"@type":"WebPage","@id":"https:\/\/bazyny-zywe-archiwum.pl\/pisarze\/","url":"https:\/\/bazyny-zywe-archiwum.pl\/pisarze\/","name":"Pisarze - bazyny-zywe-archiwum.pl","isPartOf":{"@id":"https:\/\/bazyny-zywe-archiwum.pl\/#website"},"datePublished":"2025-02-24T15:38:26+00:00","dateModified":"2025-02-24T15:38:28+00:00","breadcrumb":{"@id":"https:\/\/bazyny-zywe-archiwum.pl\/pisarze\/#breadcrumb"},"inLanguage":"ro-RO","potentialAction":[{"@type":"ReadAction","target":["https:\/\/bazyny-zywe-archiwum.pl\/pisarze\/"]}]},{"@type":"BreadcrumbList","@id":"https:\/\/bazyny-zywe-archiwum.pl\/pisarze\/#breadcrumb","itemListElement":[{"@type":"ListItem","position":1,"name":"Home","item":"https:\/\/bazyny-zywe-archiwum.pl\/"},{"@type":"ListItem","position":2,"name":"Pisarze"}]},{"@type":"WebSite","@id":"https:\/\/bazyny-zywe-archiwum.pl\/#website","url":"https:\/\/bazyny-zywe-archiwum.pl\/","name":"bazyny-zywe-archiwum.pl","description":"Bluza z rogami: odwa\u017cny styl, kt\u00f3ry przyci\u0105ga uwag\u0119.","potentialAction":[{"@type":"SearchAction","target":{"@type":"EntryPoint","urlTemplate":"https:\/\/bazyny-zywe-archiwum.pl\/?s={search_term_string}"},"query-input":"required name=search_term_string"}],"inLanguage":"ro-RO"}]}},"yoast_meta":{"yoast_wpseo_title":"","yoast_wpseo_metadesc":"","yoast_wpseo_canonical":"https:\/\/bazyny-zywe-archiwum.pl\/ro\/wp-json\/wp\/v2\/pages\/453"},"_links":{"self":[{"href":"https:\/\/bazyny-zywe-archiwum.pl\/ro\/wp-json\/wp\/v2\/pages\/453"}],"collection":[{"href":"https:\/\/bazyny-zywe-archiwum.pl\/ro\/wp-json\/wp\/v2\/pages"}],"about":[{"href":"https:\/\/bazyny-zywe-archiwum.pl\/ro\/wp-json\/wp\/v2\/types\/page"}],"author":[{"embeddable":true,"href":"https:\/\/bazyny-zywe-archiwum.pl\/ro\/wp-json\/wp\/v2\/users\/1"}],"replies":[{"embeddable":true,"href":"https:\/\/bazyny-zywe-archiwum.pl\/ro\/wp-json\/wp\/v2\/comments?post=453"}],"version-history":[{"count":1,"href":"https:\/\/bazyny-zywe-archiwum.pl\/ro\/wp-json\/wp\/v2\/pages\/453\/revisions"}],"predecessor-version":[{"id":454,"href":"https:\/\/bazyny-zywe-archiwum.pl\/ro\/wp-json\/wp\/v2\/pages\/453\/revisions\/454"}],"wp:attachment":[{"href":"https:\/\/bazyny-zywe-archiwum.pl\/ro\/wp-json\/wp\/v2\/media?parent=453"}],"curies":[{"name":"wp","href":"https:\/\/api.w.org\/{rel}","templated":true}]}}